{"id":516,"date":"2022-10-23T09:04:15","date_gmt":"2022-10-23T07:04:15","guid":{"rendered":"https:\/\/omike.hu\/media\/"},"modified":"2022-11-16T09:30:37","modified_gmt":"2022-11-16T07:30:37","slug":"media-appearances","status":"publish","type":"page","link":"https:\/\/omike.hu\/en\/media-appearances\/","title":{"rendered":"Media appearances"},"content":{"rendered":"\n<style type=\"text\/css\" data-created_by=\"avia_inline_auto\" id=\"style-css-av-4rev1-e605f0f945b0e76895c26de7b276c6cd\">\n.avia-section.av-4rev1-e605f0f945b0e76895c26de7b276c6cd{\nbackground-repeat:no-repeat;\nbackground-image:url(https:\/\/omike.hu\/wp-content\/uploads\/2022\/10\/2rumbach_0108.jpg);\nbackground-position:0% 0%;\nbackground-attachment:scroll;\nposition:relative;\n}\n.avia-section.av-4rev1-e605f0f945b0e76895c26de7b276c6cd .avia-divider-svg-bottom svg{\nheight:46px;\nopacity:1;\nwidth:calc(100% + 1.3px);\nfill:#1d2133;\n}\n<\/style>\n<div id='av_section_1'  class='avia-section av-4rev1-e605f0f945b0e76895c26de7b276c6cd main_color avia-section-huge avia-no-border-styling  avia-builder-el-0  el_before_av_section  avia-builder-el-first  avia-full-stretch avia-bg-style-scroll av-minimum-height av-minimum-height-custom  container_wrap fullsize'  data-section-bg-repeat='stretch' data-av_minimum_height_px='450'><div class='avia-divider-svg avia-divider-svg-triangle-asymmetrical avia-divider-svg-bottom avia-flipped-svg avia-to-front avia-svg-negative'><svg xmlns=\"http:\/\/www.w3.org\/2000\/svg\" viewBox=\"0 0 1000 100\" preserveAspectRatio=\"none\">\n\t<path d=\"M737.9,94.7L0,0v100h1000V0L737.9,94.7z\"\/>\n<\/svg><\/div><div class='container av-section-cont-open' style='height:450px'><main  role=\"main\" itemprop=\"mainContentOfPage\"  class='template-page content  av-content-full alpha units'><div class='post-entry post-entry-type-page post-entry-516'><div class='entry-content-wrapper clearfix'>\n\n<style type=\"text\/css\" data-created_by=\"avia_inline_auto\" id=\"style-css-av-142by5-ee99972b134510915d35e028b167acb2\">\n#top .av-special-heading.av-142by5-ee99972b134510915d35e028b167acb2{\npadding-bottom:10px;\ncolor:#ffffff;\n}\nbody .av-special-heading.av-142by5-ee99972b134510915d35e028b167acb2 .av-special-heading-tag .heading-char{\nfont-size:25px;\n}\n.av-special-heading.av-142by5-ee99972b134510915d35e028b167acb2 .special-heading-inner-border{\nborder-color:#ffffff;\n}\n.av-special-heading.av-142by5-ee99972b134510915d35e028b167acb2 .av-subheading{\nfont-size:15px;\ncolor:#bba370;\n}\n<\/style>\n<div  class='av-special-heading av-142by5-ee99972b134510915d35e028b167acb2 av-special-heading-h2 custom-color-heading blockquote modern-quote  avia-builder-el-1  el_before_av_button  avia-builder-el-first '><h2 class='av-special-heading-tag'  itemprop=\"headline\"  >Media appearances<\/h2><div class='av_custom_color av-subheading av-subheading_below'><p>OMIKE<\/p>\n<\/div><div class=\"special-heading-border\"><div class=\"special-heading-inner-border\"><\/div><\/div><\/div>\n<div  class='avia-button-wrap av-vt43p-7ef6e85dc43e30ea967b7a4002d216ae-wrap avia-button-right  avia-builder-el-2  el_after_av_heading  avia-builder-el-last ' >\n<style type=\"text\/css\" data-created_by=\"avia_inline_auto\" id=\"style-css-av-vt43p-7ef6e85dc43e30ea967b7a4002d216ae\">\n#top #wrap_all .avia-button.av-vt43p-7ef6e85dc43e30ea967b7a4002d216ae{\nbackground-color:#1d2133;\nborder-color:#1d2133;\n-webkit-transition:all 0.4s ease-in-out;\n-moz-transition:all 0.4s ease-in-out;\n-ms-transition:all 0.4s ease-in-out;\n-o-transition:all 0.4s ease-in-out;\ntransition:all 0.4s ease-in-out;\n}\n#top #wrap_all .avia-button.av-vt43p-7ef6e85dc43e30ea967b7a4002d216ae:hover{\ncolor:white;\n-webkit-transition:all 0.4s ease-in-out;\n-moz-transition:all 0.4s ease-in-out;\n-ms-transition:all 0.4s ease-in-out;\n-o-transition:all 0.4s ease-in-out;\ntransition:all 0.4s ease-in-out;\n}\n<\/style>\n<a href='https:\/\/omike.hu\/#koncertek'  class='avia-button av-vt43p-7ef6e85dc43e30ea967b7a4002d216ae avia-icon_select-yes-left-icon avia-size-medium avia-position-right avia-font-color-theme-color' ><span class='avia_button_icon avia_button_icon_left' aria-hidden='true' data-av_icon='\ue8cb' data-av_iconfont='entypo-fontello'><\/span><span class='avia_iconbox_title' >ONLINE TICKET PURCHASE<\/span><span class='avia_button_background avia-button avia-color-light' ><\/span><\/a><\/div>\n<\/div><\/div><\/main><!-- close content main element --><\/div><\/div>\n<style type=\"text\/css\" data-created_by=\"avia_inline_auto\" id=\"style-css-av-pjszp-919ee12821cd98b35dcd4b8a87dca4eb\">\n.avia-section.av-pjszp-919ee12821cd98b35dcd4b8a87dca4eb{\nbackground-color:#1d2133;\nbackground-image:unset;\n}\n<\/style>\n<div id='av_section_2'  class='avia-section av-pjszp-919ee12821cd98b35dcd4b8a87dca4eb main_color avia-section-default avia-no-border-styling  avia-builder-el-3  el_after_av_section  avia-builder-el-last  koszontes avia-bg-style-scroll container_wrap fullsize'  ><div class='container av-section-cont-open' ><div class='template-page content  av-content-full alpha units'><div class='post-entry post-entry-type-page post-entry-516'><div class='entry-content-wrapper clearfix'>\n<div class='flex_column av-nsho5-60f1edc4411cc9fa0c2a84441559ccde av_one_full  avia-builder-el-4  avia-builder-el-no-sibling  first flex_column_div '     ><style type=\"text\/css\" data-created_by=\"avia_inline_auto\" id=\"style-css-av-gb9jh-6ed036a801e76b8d2bc5d86f3b27d58a\">\n#top .av_textblock_section.av-gb9jh-6ed036a801e76b8d2bc5d86f3b27d58a .avia_textblock{\nfont-size:23px;\ncolor:#ffffff;\n}\n<\/style>\n<section  class='av_textblock_section av-gb9jh-6ed036a801e76b8d2bc5d86f3b27d58a'  itemscope=\"itemscope\" itemtype=\"https:\/\/schema.org\/CreativeWork\" ><div class='avia_textblock av_inherit_color'  itemprop=\"text\" ><p style=\"text-align: center;\"><a href=\"https:\/\/open.spotify.com\/episode\/3tgwIQkIqNKSXeJYDvkDd2?si=d76f36e0a90f47fd&amp;nd=1\" target=\"_blank\" rel=\"noopener\">Partiz\u00e1n<\/a><\/p>\n<p style=\"text-align: center;\"><a href=\"https:\/\/www.atv.hu\/videok\/20221018\/ujra-megalapitana-az-omike-t-fischer-ivan\" target=\"_blank\" rel=\"noopener\">ATV<\/a><\/p>\n<p style=\"text-align: center;\"><a href=\"https:\/\/index.hu\/kultur\/2022\/10\/31\/fischer-ivan-osbemuato-rumbach-zsinagoga-tiltas-engedely-fesztivalzenekar-exkluziv\/\" target=\"_blank\" rel=\"noopener\">Index<\/a><\/p>\n<\/div><\/section><\/div>\n<\/p>\n","protected":false},"excerpt":{"rendered":"","protected":false},"author":1,"featured_media":0,"parent":0,"menu_order":0,"comment_status":"closed","ping_status":"closed","template":"","meta":{"footnotes":""},"class_list":["post-516","page","type-page","status-publish","hentry"],"yoast_head":"<!-- This site is optimized with the Yoast SEO plugin v27.4 - https:\/\/yoast.com\/product\/yoast-seo-wordpress\/ -->\n<title>Media appearances - OMIKE<\/title>\n<meta name=\"robots\" content=\"index, follow, max-snippet:-1, max-image-preview:large, max-video-preview:-1\" \/>\n<link rel=\"canonical\" href=\"https:\/\/omike.hu\/en\/media-appearances\/\" \/>\n<meta property=\"og:locale\" content=\"en_US\" \/>\n<meta property=\"og:type\" content=\"article\" \/>\n<meta property=\"og:title\" content=\"Media appearances - OMIKE\" \/>\n<meta property=\"og:url\" content=\"https:\/\/omike.hu\/en\/media-appearances\/\" \/>\n<meta property=\"og:site_name\" content=\"OMIKE\" \/>\n<meta property=\"article:modified_time\" content=\"2022-11-16T07:30:37+00:00\" \/>\n<meta name=\"twitter:card\" content=\"summary_large_image\" \/>\n<meta name=\"twitter:label1\" content=\"Est. reading time\" \/>\n\t<meta name=\"twitter:data1\" content=\"3 minutes\" \/>\n<script type=\"application\/ld+json\" class=\"yoast-schema-graph\">{\"@context\":\"https:\\\/\\\/schema.org\",\"@graph\":[{\"@type\":\"WebPage\",\"@id\":\"https:\\\/\\\/omike.hu\\\/en\\\/media-appearances\\\/\",\"url\":\"https:\\\/\\\/omike.hu\\\/en\\\/media-appearances\\\/\",\"name\":\"Media appearances - OMIKE\",\"isPartOf\":{\"@id\":\"https:\\\/\\\/omike.hu\\\/en\\\/#website\"},\"datePublished\":\"2022-10-23T07:04:15+00:00\",\"dateModified\":\"2022-11-16T07:30:37+00:00\",\"breadcrumb\":{\"@id\":\"https:\\\/\\\/omike.hu\\\/en\\\/media-appearances\\\/#breadcrumb\"},\"inLanguage\":\"en-US\",\"potentialAction\":[{\"@type\":\"ReadAction\",\"target\":[\"https:\\\/\\\/omike.hu\\\/en\\\/media-appearances\\\/\"]}]},{\"@type\":\"BreadcrumbList\",\"@id\":\"https:\\\/\\\/omike.hu\\\/en\\\/media-appearances\\\/#breadcrumb\",\"itemListElement\":[{\"@type\":\"ListItem\",\"position\":1,\"name\":\"Kezd\u0151lap\",\"item\":\"https:\\\/\\\/omike.hu\\\/en\\\/home\\\/\"},{\"@type\":\"ListItem\",\"position\":2,\"name\":\"Media appearances\"}]},{\"@type\":\"WebSite\",\"@id\":\"https:\\\/\\\/omike.hu\\\/en\\\/#website\",\"url\":\"https:\\\/\\\/omike.hu\\\/en\\\/\",\"name\":\"OMIKE\",\"description\":\"Orsz\u00e1gos Magyar Izraelita K\u00f6zm\u0171vel\u0151d\u00e9si Egyes\u00fclet\",\"publisher\":{\"@id\":\"https:\\\/\\\/omike.hu\\\/en\\\/#organization\"},\"potentialAction\":[{\"@type\":\"SearchAction\",\"target\":{\"@type\":\"EntryPoint\",\"urlTemplate\":\"https:\\\/\\\/omike.hu\\\/en\\\/?s={search_term_string}\"},\"query-input\":{\"@type\":\"PropertyValueSpecification\",\"valueRequired\":true,\"valueName\":\"search_term_string\"}}],\"inLanguage\":\"en-US\"},{\"@type\":\"Organization\",\"@id\":\"https:\\\/\\\/omike.hu\\\/en\\\/#organization\",\"name\":\"OMIKE\",\"url\":\"https:\\\/\\\/omike.hu\\\/en\\\/\",\"logo\":{\"@type\":\"ImageObject\",\"inLanguage\":\"en-US\",\"@id\":\"https:\\\/\\\/omike.hu\\\/en\\\/#\\\/schema\\\/logo\\\/image\\\/\",\"url\":\"https:\\\/\\\/omike.hu\\\/wp-content\\\/uploads\\\/2022\\\/10\\\/omike-4-large.png\",\"contentUrl\":\"https:\\\/\\\/omike.hu\\\/wp-content\\\/uploads\\\/2022\\\/10\\\/omike-4-large.png\",\"width\":450,\"height\":450,\"caption\":\"OMIKE\"},\"image\":{\"@id\":\"https:\\\/\\\/omike.hu\\\/en\\\/#\\\/schema\\\/logo\\\/image\\\/\"}}]}<\/script>\n<!-- \/ Yoast SEO plugin. -->","yoast_head_json":{"title":"Media appearances - OMIKE","robots":{"index":"index","follow":"follow","max-snippet":"max-snippet:-1","max-image-preview":"max-image-preview:large","max-video-preview":"max-video-preview:-1"},"canonical":"https:\/\/omike.hu\/en\/media-appearances\/","og_locale":"en_US","og_type":"article","og_title":"Media appearances - OMIKE","og_url":"https:\/\/omike.hu\/en\/media-appearances\/","og_site_name":"OMIKE","article_modified_time":"2022-11-16T07:30:37+00:00","twitter_card":"summary_large_image","twitter_misc":{"Est. reading time":"3 minutes"},"schema":{"@context":"https:\/\/schema.org","@graph":[{"@type":"WebPage","@id":"https:\/\/omike.hu\/en\/media-appearances\/","url":"https:\/\/omike.hu\/en\/media-appearances\/","name":"Media appearances - OMIKE","isPartOf":{"@id":"https:\/\/omike.hu\/en\/#website"},"datePublished":"2022-10-23T07:04:15+00:00","dateModified":"2022-11-16T07:30:37+00:00","breadcrumb":{"@id":"https:\/\/omike.hu\/en\/media-appearances\/#breadcrumb"},"inLanguage":"en-US","potentialAction":[{"@type":"ReadAction","target":["https:\/\/omike.hu\/en\/media-appearances\/"]}]},{"@type":"BreadcrumbList","@id":"https:\/\/omike.hu\/en\/media-appearances\/#breadcrumb","itemListElement":[{"@type":"ListItem","position":1,"name":"Kezd\u0151lap","item":"https:\/\/omike.hu\/en\/home\/"},{"@type":"ListItem","position":2,"name":"Media appearances"}]},{"@type":"WebSite","@id":"https:\/\/omike.hu\/en\/#website","url":"https:\/\/omike.hu\/en\/","name":"OMIKE","description":"Orsz\u00e1gos Magyar Izraelita K\u00f6zm\u0171vel\u0151d\u00e9si Egyes\u00fclet","publisher":{"@id":"https:\/\/omike.hu\/en\/#organization"},"potentialAction":[{"@type":"SearchAction","target":{"@type":"EntryPoint","urlTemplate":"https:\/\/omike.hu\/en\/?s={search_term_string}"},"query-input":{"@type":"PropertyValueSpecification","valueRequired":true,"valueName":"search_term_string"}}],"inLanguage":"en-US"},{"@type":"Organization","@id":"https:\/\/omike.hu\/en\/#organization","name":"OMIKE","url":"https:\/\/omike.hu\/en\/","logo":{"@type":"ImageObject","inLanguage":"en-US","@id":"https:\/\/omike.hu\/en\/#\/schema\/logo\/image\/","url":"https:\/\/omike.hu\/wp-content\/uploads\/2022\/10\/omike-4-large.png","contentUrl":"https:\/\/omike.hu\/wp-content\/uploads\/2022\/10\/omike-4-large.png","width":450,"height":450,"caption":"OMIKE"},"image":{"@id":"https:\/\/omike.hu\/en\/#\/schema\/logo\/image\/"}}]}},"_links":{"self":[{"href":"https:\/\/omike.hu\/en\/wp-json\/wp\/v2\/pages\/516","targetHints":{"allow":["GET"]}}],"collection":[{"href":"https:\/\/omike.hu\/en\/wp-json\/wp\/v2\/pages"}],"about":[{"href":"https:\/\/omike.hu\/en\/wp-json\/wp\/v2\/types\/page"}],"author":[{"embeddable":true,"href":"https:\/\/omike.hu\/en\/wp-json\/wp\/v2\/users\/1"}],"replies":[{"embeddable":true,"href":"https:\/\/omike.hu\/en\/wp-json\/wp\/v2\/comments?post=516"}],"version-history":[{"count":2,"href":"https:\/\/omike.hu\/en\/wp-json\/wp\/v2\/pages\/516\/revisions"}],"predecessor-version":[{"id":591,"href":"https:\/\/omike.hu\/en\/wp-json\/wp\/v2\/pages\/516\/revisions\/591"}],"wp:attachment":[{"href":"https:\/\/omike.hu\/en\/wp-json\/wp\/v2\/media?parent=516"}],"curies":[{"name":"wp","href":"https:\/\/api.w.org\/{rel}","templated":true}]}}