{"id":517,"date":"2022-10-14T12:13:18","date_gmt":"2022-10-14T10:13:18","guid":{"rendered":"https:\/\/omike.hu\/omike-tortenete\/"},"modified":"2022-11-16T09:30:53","modified_gmt":"2022-11-16T07:30:53","slug":"the-history-of-omike","status":"publish","type":"page","link":"https:\/\/omike.hu\/en\/the-history-of-omike\/","title":{"rendered":"The history of OMIKE"},"content":{"rendered":"\n<style type=\"text\/css\" data-created_by=\"avia_inline_auto\" id=\"style-css-av-qzsri-6c23f8df91c5ada25cc67e6e2a60d032\">\n.avia-section.av-qzsri-6c23f8df91c5ada25cc67e6e2a60d032{\nbackground-repeat:no-repeat;\nbackground-image:url(https:\/\/omike.hu\/wp-content\/uploads\/2022\/10\/Rumbach-zsinago\u0301ga_web-36.jpg);\nbackground-position:0% 0%;\nbackground-attachment:scroll;\nposition:relative;\n}\n.avia-section.av-qzsri-6c23f8df91c5ada25cc67e6e2a60d032 .avia-divider-svg-bottom svg{\nheight:46px;\nopacity:1;\nwidth:calc(100% + 1.3px);\nfill:#1d2133;\n}\n<\/style>\n<div id='av_section_1'  class='avia-section av-qzsri-6c23f8df91c5ada25cc67e6e2a60d032 main_color avia-section-huge avia-no-border-styling  avia-builder-el-0  el_before_av_section  avia-builder-el-first  avia-full-stretch avia-bg-style-scroll av-minimum-height av-minimum-height-custom  container_wrap fullsize'  data-section-bg-repeat='stretch' data-av_minimum_height_px='450'><div class='avia-divider-svg avia-divider-svg-triangle-asymmetrical avia-divider-svg-bottom avia-flipped-svg avia-to-front avia-svg-negative'><svg xmlns=\"http:\/\/www.w3.org\/2000\/svg\" viewBox=\"0 0 1000 100\" preserveAspectRatio=\"none\">\n\t<path d=\"M737.9,94.7L0,0v100h1000V0L737.9,94.7z\"\/>\n<\/svg><\/div><div class='container av-section-cont-open' style='height:450px'><main  role=\"main\" itemprop=\"mainContentOfPage\"  class='template-page content  av-content-full alpha units'><div class='post-entry post-entry-type-page post-entry-517'><div class='entry-content-wrapper clearfix'>\n\n<style type=\"text\/css\" data-created_by=\"avia_inline_auto\" id=\"style-css-av-l98c0a4r-d82b60483caea17e09da4629c4a809af\">\n#top .av-special-heading.av-l98c0a4r-d82b60483caea17e09da4629c4a809af{\npadding-bottom:10px;\ncolor:#ffffff;\n}\nbody .av-special-heading.av-l98c0a4r-d82b60483caea17e09da4629c4a809af .av-special-heading-tag .heading-char{\nfont-size:25px;\n}\n.av-special-heading.av-l98c0a4r-d82b60483caea17e09da4629c4a809af .special-heading-inner-border{\nborder-color:#ffffff;\n}\n.av-special-heading.av-l98c0a4r-d82b60483caea17e09da4629c4a809af .av-subheading{\nfont-size:15px;\ncolor:#bba370;\n}\n<\/style>\n<div  class='av-special-heading av-l98c0a4r-d82b60483caea17e09da4629c4a809af av-special-heading-h2 custom-color-heading blockquote modern-quote  avia-builder-el-1  el_before_av_button  avia-builder-el-first '><h2 class='av-special-heading-tag'  itemprop=\"headline\"  >The history of OMIKE<\/h2><div class='av_custom_color av-subheading av-subheading_below'><p>OMIKE<\/p>\n<\/div><div class=\"special-heading-border\"><div class=\"special-heading-inner-border\"><\/div><\/div><\/div>\n<div  class='avia-button-wrap av-ndc06-4653a3a145c432df2969bc85b66d2715-wrap avia-button-right  avia-builder-el-2  el_after_av_heading  avia-builder-el-last ' >\n<style type=\"text\/css\" data-created_by=\"avia_inline_auto\" id=\"style-css-av-ndc06-4653a3a145c432df2969bc85b66d2715\">\n#top #wrap_all .avia-button.av-ndc06-4653a3a145c432df2969bc85b66d2715{\nbackground-color:#1d2133;\nborder-color:#1d2133;\n-webkit-transition:all 0.4s ease-in-out;\n-moz-transition:all 0.4s ease-in-out;\n-ms-transition:all 0.4s ease-in-out;\n-o-transition:all 0.4s ease-in-out;\ntransition:all 0.4s ease-in-out;\n}\n#top #wrap_all .avia-button.av-ndc06-4653a3a145c432df2969bc85b66d2715:hover{\ncolor:white;\n-webkit-transition:all 0.4s ease-in-out;\n-moz-transition:all 0.4s ease-in-out;\n-ms-transition:all 0.4s ease-in-out;\n-o-transition:all 0.4s ease-in-out;\ntransition:all 0.4s ease-in-out;\n}\n<\/style>\n<a href='https:\/\/omike.hu\/#koncertek'  class='avia-button av-ndc06-4653a3a145c432df2969bc85b66d2715 avia-icon_select-yes-left-icon avia-size-medium avia-position-right avia-font-color-theme-color' ><span class='avia_button_icon avia_button_icon_left' aria-hidden='true' data-av_icon='\ue8cb' data-av_iconfont='entypo-fontello'><\/span><span class='avia_iconbox_title' >ONLINE TICKET PURCHASE<\/span><span class='avia_button_background avia-button avia-color-light' ><\/span><\/a><\/div>\n<\/div><\/div><\/main><!-- close content main element --><\/div><\/div>\n<style type=\"text\/css\" data-created_by=\"avia_inline_auto\" id=\"style-css-av-fici6-862b42d2692f34d09d3c51b2e0cedf24\">\n.avia-section.av-fici6-862b42d2692f34d09d3c51b2e0cedf24{\nbackground-color:#1d2133;\nbackground-image:unset;\n}\n<\/style>\n<div id='av_section_2'  class='avia-section av-fici6-862b42d2692f34d09d3c51b2e0cedf24 main_color avia-section-default avia-no-border-styling  avia-builder-el-3  el_after_av_section  avia-builder-el-last  koszontes avia-bg-style-scroll container_wrap fullsize'  ><div class='container av-section-cont-open' ><div class='template-page content  av-content-full alpha units'><div class='post-entry post-entry-type-page post-entry-517'><div class='entry-content-wrapper clearfix'>\n<div class='flex_column av-7s52m-1948401033addcd8a0eee642a26d7a0e av_one_full  avia-builder-el-4  avia-builder-el-no-sibling  first flex_column_div '     ><p>\n<style type=\"text\/css\" data-created_by=\"avia_inline_auto\" id=\"style-css-av-l98c0j1x-bc8f5a478979ec5747ba4aadd60a063e\">\n#top .av_textblock_section.av-l98c0j1x-bc8f5a478979ec5747ba4aadd60a063e .avia_textblock{\nfont-size:15px;\ncolor:#ffffff;\n}\n<\/style>\n<section  class='av_textblock_section av-l98c0j1x-bc8f5a478979ec5747ba4aadd60a063e'  itemscope=\"itemscope\" itemtype=\"https:\/\/schema.org\/CreativeWork\" ><div class='avia_textblock av_inherit_color'  itemprop=\"text\" ><p>The National Hungarian Jewish Cultural Association was founded by Simon Hevesi in 1909. During the years of persecution, the Art Campaign (\u201eM\u0171v\u00e9szakci\u00f3\u201c) organised by OMIKE provided work for unemployed Jewish artists. You can find a detailed description, documents and photos of OMIKE&#8217;s past here, in the Archive compiled by L\u00e1szl\u00f3 Hars\u00e1nyi.<\/p>\n<\/div><\/section><br \/>\n<div  class='avia-button-wrap av-l98dui4c-e0a916d0118fe273c6175dafe44aed96-wrap avia-button-left  avia-builder-el-6  el_after_av_textblock  avia-builder-el-last ' ><a href='http:\/\/archivum.omike.hu\/' class='avia-button av-l98dui4c-e0a916d0118fe273c6175dafe44aed96 avia-icon_select-yes-right-icon avia-size-medium avia-position-left avia-color-light' target=\"_blank\" rel=\"noopener noreferrer\"><span class='avia_iconbox_title' >Read more<\/span><span class='avia_button_icon avia_button_icon_right' aria-hidden='true' data-av_icon='\ue879' data-av_iconfont='entypo-fontello'><\/span><\/a><\/div><\/p><\/div><\/p>\n","protected":false},"excerpt":{"rendered":"","protected":false},"author":1,"featured_media":499,"parent":0,"menu_order":0,"comment_status":"closed","ping_status":"closed","template":"","meta":{"footnotes":""},"class_list":["post-517","page","type-page","status-publish","has-post-thumbnail","hentry"],"yoast_head":"<!-- This site is optimized with the Yoast SEO plugin v27.3 - https:\/\/yoast.com\/product\/yoast-seo-wordpress\/ -->\n<title>The history of OMIKE - OMIKE<\/title>\n<meta name=\"description\" content=\"Az Orsz\u00e1gos Magyar Izraelita K\u00f6zm\u0171vel\u0151d\u00e9si Egyes\u00fcletet Hevesi Simon alap\u00edtotta 1909-ben. Az \u00fcld\u00f6ztet\u00e9s \u00e9veiben az OMIKE \u00e1ltal szervezett M\u0171v\u00e9szakci\u00f3 adott munk\u00e1t \u00e1ll\u00e1stalan zsid\u00f3 m\u0171v\u00e9szeknek. Az OMIKE m\u00faltj\u00e1r\u00f3l r\u00e9szletes le\u00edr\u00e1st, dokumentumokat \u00e9s f\u00e9nyk\u00e9peket tekinthet meg itt, a Hars\u00e1nyi L\u00e1szl\u00f3 \u00e1ltal \u00f6ssze\u00e1ll\u00edtott Arch\u00edvumban.\" \/>\n<meta name=\"robots\" content=\"index, follow, max-snippet:-1, max-image-preview:large, max-video-preview:-1\" \/>\n<link rel=\"canonical\" href=\"https:\/\/omike.hu\/en\/the-history-of-omike\/\" \/>\n<meta property=\"og:locale\" content=\"en_US\" \/>\n<meta property=\"og:type\" content=\"article\" \/>\n<meta property=\"og:title\" content=\"The history of OMIKE - OMIKE\" \/>\n<meta property=\"og:description\" content=\"Az Orsz\u00e1gos Magyar Izraelita K\u00f6zm\u0171vel\u0151d\u00e9si Egyes\u00fcletet Hevesi Simon alap\u00edtotta 1909-ben. Az \u00fcld\u00f6ztet\u00e9s \u00e9veiben az OMIKE \u00e1ltal szervezett M\u0171v\u00e9szakci\u00f3 adott munk\u00e1t \u00e1ll\u00e1stalan zsid\u00f3 m\u0171v\u00e9szeknek. Az OMIKE m\u00faltj\u00e1r\u00f3l r\u00e9szletes le\u00edr\u00e1st, dokumentumokat \u00e9s f\u00e9nyk\u00e9peket tekinthet meg itt, a Hars\u00e1nyi L\u00e1szl\u00f3 \u00e1ltal \u00f6ssze\u00e1ll\u00edtott Arch\u00edvumban.\" \/>\n<meta property=\"og:url\" content=\"https:\/\/omike.hu\/en\/the-history-of-omike\/\" \/>\n<meta property=\"og:site_name\" content=\"OMIKE\" \/>\n<meta property=\"article:modified_time\" content=\"2022-11-16T07:30:53+00:00\" \/>\n<meta property=\"og:image\" content=\"https:\/\/omike.hu\/wp-content\/uploads\/2022\/10\/Rumbach-zsinago\u0301ga_web-36.jpg\" \/>\n\t<meta property=\"og:image:width\" content=\"2000\" \/>\n\t<meta property=\"og:image:height\" content=\"1333\" \/>\n\t<meta property=\"og:image:type\" content=\"image\/jpeg\" \/>\n<meta name=\"twitter:card\" content=\"summary_large_image\" \/>\n<meta name=\"twitter:label1\" content=\"Est. reading time\" \/>\n\t<meta name=\"twitter:data1\" content=\"4 minutes\" \/>\n<script type=\"application\/ld+json\" class=\"yoast-schema-graph\">{\"@context\":\"https:\\\/\\\/schema.org\",\"@graph\":[{\"@type\":\"WebPage\",\"@id\":\"https:\\\/\\\/omike.hu\\\/en\\\/the-history-of-omike\\\/\",\"url\":\"https:\\\/\\\/omike.hu\\\/en\\\/the-history-of-omike\\\/\",\"name\":\"The history of OMIKE - OMIKE\",\"isPartOf\":{\"@id\":\"https:\\\/\\\/omike.hu\\\/en\\\/#website\"},\"primaryImageOfPage\":{\"@id\":\"https:\\\/\\\/omike.hu\\\/en\\\/the-history-of-omike\\\/#primaryimage\"},\"image\":{\"@id\":\"https:\\\/\\\/omike.hu\\\/en\\\/the-history-of-omike\\\/#primaryimage\"},\"thumbnailUrl\":\"https:\\\/\\\/omike.hu\\\/wp-content\\\/uploads\\\/2022\\\/10\\\/Rumbach-zsinago\u0301ga_web-36.jpg\",\"datePublished\":\"2022-10-14T10:13:18+00:00\",\"dateModified\":\"2022-11-16T07:30:53+00:00\",\"description\":\"Az Orsz\u00e1gos Magyar Izraelita K\u00f6zm\u0171vel\u0151d\u00e9si Egyes\u00fcletet Hevesi Simon alap\u00edtotta 1909-ben. Az \u00fcld\u00f6ztet\u00e9s \u00e9veiben az OMIKE \u00e1ltal szervezett M\u0171v\u00e9szakci\u00f3 adott munk\u00e1t \u00e1ll\u00e1stalan zsid\u00f3 m\u0171v\u00e9szeknek. Az OMIKE m\u00faltj\u00e1r\u00f3l r\u00e9szletes le\u00edr\u00e1st, dokumentumokat \u00e9s f\u00e9nyk\u00e9peket tekinthet meg itt, a Hars\u00e1nyi L\u00e1szl\u00f3 \u00e1ltal \u00f6ssze\u00e1ll\u00edtott Arch\u00edvumban.\",\"breadcrumb\":{\"@id\":\"https:\\\/\\\/omike.hu\\\/en\\\/the-history-of-omike\\\/#breadcrumb\"},\"inLanguage\":\"en-US\",\"potentialAction\":[{\"@type\":\"ReadAction\",\"target\":[\"https:\\\/\\\/omike.hu\\\/en\\\/the-history-of-omike\\\/\"]}]},{\"@type\":\"ImageObject\",\"inLanguage\":\"en-US\",\"@id\":\"https:\\\/\\\/omike.hu\\\/en\\\/the-history-of-omike\\\/#primaryimage\",\"url\":\"https:\\\/\\\/omike.hu\\\/wp-content\\\/uploads\\\/2022\\\/10\\\/Rumbach-zsinago\u0301ga_web-36.jpg\",\"contentUrl\":\"https:\\\/\\\/omike.hu\\\/wp-content\\\/uploads\\\/2022\\\/10\\\/Rumbach-zsinago\u0301ga_web-36.jpg\",\"width\":2000,\"height\":1333},{\"@type\":\"BreadcrumbList\",\"@id\":\"https:\\\/\\\/omike.hu\\\/en\\\/the-history-of-omike\\\/#breadcrumb\",\"itemListElement\":[{\"@type\":\"ListItem\",\"position\":1,\"name\":\"Kezd\u0151lap\",\"item\":\"https:\\\/\\\/omike.hu\\\/en\\\/home\\\/\"},{\"@type\":\"ListItem\",\"position\":2,\"name\":\"The history of OMIKE\"}]},{\"@type\":\"WebSite\",\"@id\":\"https:\\\/\\\/omike.hu\\\/en\\\/#website\",\"url\":\"https:\\\/\\\/omike.hu\\\/en\\\/\",\"name\":\"OMIKE\",\"description\":\"Orsz\u00e1gos Magyar Izraelita K\u00f6zm\u0171vel\u0151d\u00e9si Egyes\u00fclet\",\"publisher\":{\"@id\":\"https:\\\/\\\/omike.hu\\\/en\\\/#organization\"},\"potentialAction\":[{\"@type\":\"SearchAction\",\"target\":{\"@type\":\"EntryPoint\",\"urlTemplate\":\"https:\\\/\\\/omike.hu\\\/en\\\/?s={search_term_string}\"},\"query-input\":{\"@type\":\"PropertyValueSpecification\",\"valueRequired\":true,\"valueName\":\"search_term_string\"}}],\"inLanguage\":\"en-US\"},{\"@type\":\"Organization\",\"@id\":\"https:\\\/\\\/omike.hu\\\/en\\\/#organization\",\"name\":\"OMIKE\",\"url\":\"https:\\\/\\\/omike.hu\\\/en\\\/\",\"logo\":{\"@type\":\"ImageObject\",\"inLanguage\":\"en-US\",\"@id\":\"https:\\\/\\\/omike.hu\\\/en\\\/#\\\/schema\\\/logo\\\/image\\\/\",\"url\":\"https:\\\/\\\/omike.hu\\\/wp-content\\\/uploads\\\/2022\\\/10\\\/omike-4-large.png\",\"contentUrl\":\"https:\\\/\\\/omike.hu\\\/wp-content\\\/uploads\\\/2022\\\/10\\\/omike-4-large.png\",\"width\":450,\"height\":450,\"caption\":\"OMIKE\"},\"image\":{\"@id\":\"https:\\\/\\\/omike.hu\\\/en\\\/#\\\/schema\\\/logo\\\/image\\\/\"}}]}<\/script>\n<!-- \/ Yoast SEO plugin. -->","yoast_head_json":{"title":"The history of OMIKE - OMIKE","description":"Az Orsz\u00e1gos Magyar Izraelita K\u00f6zm\u0171vel\u0151d\u00e9si Egyes\u00fcletet Hevesi Simon alap\u00edtotta 1909-ben. Az \u00fcld\u00f6ztet\u00e9s \u00e9veiben az OMIKE \u00e1ltal szervezett M\u0171v\u00e9szakci\u00f3 adott munk\u00e1t \u00e1ll\u00e1stalan zsid\u00f3 m\u0171v\u00e9szeknek. Az OMIKE m\u00faltj\u00e1r\u00f3l r\u00e9szletes le\u00edr\u00e1st, dokumentumokat \u00e9s f\u00e9nyk\u00e9peket tekinthet meg itt, a Hars\u00e1nyi L\u00e1szl\u00f3 \u00e1ltal \u00f6ssze\u00e1ll\u00edtott Arch\u00edvumban.","robots":{"index":"index","follow":"follow","max-snippet":"max-snippet:-1","max-image-preview":"max-image-preview:large","max-video-preview":"max-video-preview:-1"},"canonical":"https:\/\/omike.hu\/en\/the-history-of-omike\/","og_locale":"en_US","og_type":"article","og_title":"The history of OMIKE - OMIKE","og_description":"Az Orsz\u00e1gos Magyar Izraelita K\u00f6zm\u0171vel\u0151d\u00e9si Egyes\u00fcletet Hevesi Simon alap\u00edtotta 1909-ben. Az \u00fcld\u00f6ztet\u00e9s \u00e9veiben az OMIKE \u00e1ltal szervezett M\u0171v\u00e9szakci\u00f3 adott munk\u00e1t \u00e1ll\u00e1stalan zsid\u00f3 m\u0171v\u00e9szeknek. Az OMIKE m\u00faltj\u00e1r\u00f3l r\u00e9szletes le\u00edr\u00e1st, dokumentumokat \u00e9s f\u00e9nyk\u00e9peket tekinthet meg itt, a Hars\u00e1nyi L\u00e1szl\u00f3 \u00e1ltal \u00f6ssze\u00e1ll\u00edtott Arch\u00edvumban.","og_url":"https:\/\/omike.hu\/en\/the-history-of-omike\/","og_site_name":"OMIKE","article_modified_time":"2022-11-16T07:30:53+00:00","og_image":[{"width":2000,"height":1333,"url":"https:\/\/omike.hu\/wp-content\/uploads\/2022\/10\/Rumbach-zsinago\u0301ga_web-36.jpg","type":"image\/jpeg"}],"twitter_card":"summary_large_image","twitter_misc":{"Est. reading time":"4 minutes"},"schema":{"@context":"https:\/\/schema.org","@graph":[{"@type":"WebPage","@id":"https:\/\/omike.hu\/en\/the-history-of-omike\/","url":"https:\/\/omike.hu\/en\/the-history-of-omike\/","name":"The history of OMIKE - OMIKE","isPartOf":{"@id":"https:\/\/omike.hu\/en\/#website"},"primaryImageOfPage":{"@id":"https:\/\/omike.hu\/en\/the-history-of-omike\/#primaryimage"},"image":{"@id":"https:\/\/omike.hu\/en\/the-history-of-omike\/#primaryimage"},"thumbnailUrl":"https:\/\/omike.hu\/wp-content\/uploads\/2022\/10\/Rumbach-zsinago\u0301ga_web-36.jpg","datePublished":"2022-10-14T10:13:18+00:00","dateModified":"2022-11-16T07:30:53+00:00","description":"Az Orsz\u00e1gos Magyar Izraelita K\u00f6zm\u0171vel\u0151d\u00e9si Egyes\u00fcletet Hevesi Simon alap\u00edtotta 1909-ben. Az \u00fcld\u00f6ztet\u00e9s \u00e9veiben az OMIKE \u00e1ltal szervezett M\u0171v\u00e9szakci\u00f3 adott munk\u00e1t \u00e1ll\u00e1stalan zsid\u00f3 m\u0171v\u00e9szeknek. Az OMIKE m\u00faltj\u00e1r\u00f3l r\u00e9szletes le\u00edr\u00e1st, dokumentumokat \u00e9s f\u00e9nyk\u00e9peket tekinthet meg itt, a Hars\u00e1nyi L\u00e1szl\u00f3 \u00e1ltal \u00f6ssze\u00e1ll\u00edtott Arch\u00edvumban.","breadcrumb":{"@id":"https:\/\/omike.hu\/en\/the-history-of-omike\/#breadcrumb"},"inLanguage":"en-US","potentialAction":[{"@type":"ReadAction","target":["https:\/\/omike.hu\/en\/the-history-of-omike\/"]}]},{"@type":"ImageObject","inLanguage":"en-US","@id":"https:\/\/omike.hu\/en\/the-history-of-omike\/#primaryimage","url":"https:\/\/omike.hu\/wp-content\/uploads\/2022\/10\/Rumbach-zsinago\u0301ga_web-36.jpg","contentUrl":"https:\/\/omike.hu\/wp-content\/uploads\/2022\/10\/Rumbach-zsinago\u0301ga_web-36.jpg","width":2000,"height":1333},{"@type":"BreadcrumbList","@id":"https:\/\/omike.hu\/en\/the-history-of-omike\/#breadcrumb","itemListElement":[{"@type":"ListItem","position":1,"name":"Kezd\u0151lap","item":"https:\/\/omike.hu\/en\/home\/"},{"@type":"ListItem","position":2,"name":"The history of OMIKE"}]},{"@type":"WebSite","@id":"https:\/\/omike.hu\/en\/#website","url":"https:\/\/omike.hu\/en\/","name":"OMIKE","description":"Orsz\u00e1gos Magyar Izraelita K\u00f6zm\u0171vel\u0151d\u00e9si Egyes\u00fclet","publisher":{"@id":"https:\/\/omike.hu\/en\/#organization"},"potentialAction":[{"@type":"SearchAction","target":{"@type":"EntryPoint","urlTemplate":"https:\/\/omike.hu\/en\/?s={search_term_string}"},"query-input":{"@type":"PropertyValueSpecification","valueRequired":true,"valueName":"search_term_string"}}],"inLanguage":"en-US"},{"@type":"Organization","@id":"https:\/\/omike.hu\/en\/#organization","name":"OMIKE","url":"https:\/\/omike.hu\/en\/","logo":{"@type":"ImageObject","inLanguage":"en-US","@id":"https:\/\/omike.hu\/en\/#\/schema\/logo\/image\/","url":"https:\/\/omike.hu\/wp-content\/uploads\/2022\/10\/omike-4-large.png","contentUrl":"https:\/\/omike.hu\/wp-content\/uploads\/2022\/10\/omike-4-large.png","width":450,"height":450,"caption":"OMIKE"},"image":{"@id":"https:\/\/omike.hu\/en\/#\/schema\/logo\/image\/"}}]}},"_links":{"self":[{"href":"https:\/\/omike.hu\/en\/wp-json\/wp\/v2\/pages\/517","targetHints":{"allow":["GET"]}}],"collection":[{"href":"https:\/\/omike.hu\/en\/wp-json\/wp\/v2\/pages"}],"about":[{"href":"https:\/\/omike.hu\/en\/wp-json\/wp\/v2\/types\/page"}],"author":[{"embeddable":true,"href":"https:\/\/omike.hu\/en\/wp-json\/wp\/v2\/users\/1"}],"replies":[{"embeddable":true,"href":"https:\/\/omike.hu\/en\/wp-json\/wp\/v2\/comments?post=517"}],"version-history":[{"count":2,"href":"https:\/\/omike.hu\/en\/wp-json\/wp\/v2\/pages\/517\/revisions"}],"predecessor-version":[{"id":592,"href":"https:\/\/omike.hu\/en\/wp-json\/wp\/v2\/pages\/517\/revisions\/592"}],"wp:featuredmedia":[{"embeddable":true,"href":"https:\/\/omike.hu\/en\/wp-json\/wp\/v2\/media\/499"}],"wp:attachment":[{"href":"https:\/\/omike.hu\/en\/wp-json\/wp\/v2\/media?parent=517"}],"curies":[{"name":"wp","href":"https:\/\/api.w.org\/{rel}","templated":true}]}}