{"id":523,"date":"2022-10-06T15:38:27","date_gmt":"2022-10-06T13:38:27","guid":{"rendered":"https:\/\/omike.hu\/adatkezelesi-tajekoztato\/"},"modified":"2022-11-16T09:23:27","modified_gmt":"2022-11-16T07:23:27","slug":"adatkezelesi-tajekoztato","status":"publish","type":"page","link":"https:\/\/omike.hu\/en\/adatkezelesi-tajekoztato\/","title":{"rendered":"Adatkezel\u00e9si t\u00e1j\u00e9koztat\u00f3"},"content":{"rendered":"\n<style type=\"text\/css\" data-created_by=\"avia_inline_auto\" id=\"style-css-av-9adb-bc39123720c861859ba62c35d27525b1\">\n.avia-section.av-9adb-bc39123720c861859ba62c35d27525b1{\nbackground-repeat:no-repeat;\nbackground-image:url(https:\/\/omike.hu\/wp-content\/uploads\/2022\/10\/rumbach-0140.jpg);\nbackground-position:0% 0%;\nbackground-attachment:scroll;\nposition:relative;\n}\n.avia-section.av-9adb-bc39123720c861859ba62c35d27525b1 .avia-divider-svg-bottom svg{\nheight:46px;\nopacity:1;\nwidth:calc(100% + 1.3px);\nfill:#1d2133;\n}\n<\/style>\n<div id='av_section_1'  class='avia-section av-9adb-bc39123720c861859ba62c35d27525b1 main_color avia-section-huge avia-no-border-styling  avia-builder-el-0  el_before_av_section  avia-builder-el-first  avia-full-stretch avia-bg-style-scroll av-minimum-height av-minimum-height-custom  container_wrap fullsize'  data-section-bg-repeat='stretch' data-av_minimum_height_px='450'><div class='avia-divider-svg avia-divider-svg-triangle-asymmetrical avia-divider-svg-bottom avia-flipped-svg avia-to-front avia-svg-negative'><svg xmlns=\"http:\/\/www.w3.org\/2000\/svg\" viewBox=\"0 0 1000 100\" preserveAspectRatio=\"none\">\n\t<path d=\"M737.9,94.7L0,0v100h1000V0L737.9,94.7z\"\/>\n<\/svg><\/div><div class='container av-section-cont-open' style='height:450px'><main  role=\"main\" itemprop=\"mainContentOfPage\"  class='template-page content  av-content-full alpha units'><div class='post-entry post-entry-type-page post-entry-523'><div class='entry-content-wrapper clearfix'>\n\n<style type=\"text\/css\" data-created_by=\"avia_inline_auto\" id=\"style-css-av-l95owoaw-9fd9dd2bcfdff64cc063dbb5d3544fcd\">\n#top .av-special-heading.av-l95owoaw-9fd9dd2bcfdff64cc063dbb5d3544fcd{\npadding-bottom:10px;\ncolor:#ffffff;\n}\nbody .av-special-heading.av-l95owoaw-9fd9dd2bcfdff64cc063dbb5d3544fcd .av-special-heading-tag .heading-char{\nfont-size:25px;\n}\n.av-special-heading.av-l95owoaw-9fd9dd2bcfdff64cc063dbb5d3544fcd .special-heading-inner-border{\nborder-color:#ffffff;\n}\n.av-special-heading.av-l95owoaw-9fd9dd2bcfdff64cc063dbb5d3544fcd .av-subheading{\nfont-size:15px;\ncolor:#bba370;\n}\n<\/style>\n<div  class='av-special-heading av-l95owoaw-9fd9dd2bcfdff64cc063dbb5d3544fcd av-special-heading-h2 custom-color-heading blockquote modern-quote  avia-builder-el-1  el_before_av_button  avia-builder-el-first '><h2 class='av-special-heading-tag'  itemprop=\"headline\"  >Adatv\u00e9delmi \u00e9s adatkezel\u00e9si t\u00e1j\u00e9koztat\u00f3<\/h2><div class='av_custom_color av-subheading av-subheading_below'><p>OMIKE<\/p>\n<\/div><div class=\"special-heading-border\"><div class=\"special-heading-inner-border\"><\/div><\/div><\/div>\n<div  class='avia-button-wrap av-7k1f-fa3c7e164a57e93f33f341d2bbc87f5c-wrap avia-button-right  avia-builder-el-2  el_after_av_heading  avia-builder-el-last ' >\n<style type=\"text\/css\" data-created_by=\"avia_inline_auto\" id=\"style-css-av-7k1f-fa3c7e164a57e93f33f341d2bbc87f5c\">\n#top #wrap_all .avia-button.av-7k1f-fa3c7e164a57e93f33f341d2bbc87f5c{\nbackground-color:#1d2133;\nborder-color:#1d2133;\n-webkit-transition:all 0.4s ease-in-out;\n-moz-transition:all 0.4s ease-in-out;\n-ms-transition:all 0.4s ease-in-out;\n-o-transition:all 0.4s ease-in-out;\ntransition:all 0.4s ease-in-out;\n}\n#top #wrap_all .avia-button.av-7k1f-fa3c7e164a57e93f33f341d2bbc87f5c:hover{\ncolor:white;\n-webkit-transition:all 0.4s ease-in-out;\n-moz-transition:all 0.4s ease-in-out;\n-ms-transition:all 0.4s ease-in-out;\n-o-transition:all 0.4s ease-in-out;\ntransition:all 0.4s ease-in-out;\n}\n<\/style>\n<a href='https:\/\/omike.hu\/#koncertek'  class='avia-button av-7k1f-fa3c7e164a57e93f33f341d2bbc87f5c avia-icon_select-yes-left-icon avia-size-medium avia-position-right avia-font-color-theme-color' ><span class='avia_button_icon avia_button_icon_left' aria-hidden='true' data-av_icon='\ue8cb' data-av_iconfont='entypo-fontello'><\/span><span class='avia_iconbox_title' >ONLINE JEGYV\u00c1S\u00c1RL\u00c1S<\/span><span class='avia_button_background avia-button avia-color-light' ><\/span><\/a><\/div>\n<\/div><\/div><\/main><!-- close content main element --><\/div><\/div>\n<style type=\"text\/css\" data-created_by=\"avia_inline_auto\" id=\"style-css-av-gl1-e040e340f3f0fabc2918828177913705\">\n.avia-section.av-gl1-e040e340f3f0fabc2918828177913705{\nbackground-color:#1d2133;\nbackground-image:unset;\n}\n<\/style>\n<div id='av_section_2'  class='avia-section av-gl1-e040e340f3f0fabc2918828177913705 main_color avia-section-default avia-no-border-styling  avia-builder-el-3  el_after_av_section  avia-builder-el-last  koszontes avia-bg-style-scroll container_wrap fullsize'  ><div class='container av-section-cont-open' ><div class='template-page content  av-content-full alpha units'><div class='post-entry post-entry-type-page post-entry-523'><div class='entry-content-wrapper clearfix'>\n<div class='flex_column av-3ha3-d4376ce70ae7798f993f8e25aac388b5 av_one_full  avia-builder-el-4  avia-builder-el-no-sibling  first flex_column_div '     ><style type=\"text\/css\" data-created_by=\"avia_inline_auto\" id=\"style-css-av-l95oxhhs-c3ccfce84bc389c64bf24241ec43c541\">\n#top .av_textblock_section.av-l95oxhhs-c3ccfce84bc389c64bf24241ec43c541 .avia_textblock{\nfont-size:15px;\ncolor:#ffffff;\n}\n<\/style>\n<section  class='av_textblock_section av-l95oxhhs-c3ccfce84bc389c64bf24241ec43c541'  itemscope=\"itemscope\" itemtype=\"https:\/\/schema.org\/CreativeWork\" ><div class='avia_textblock av_inherit_color'  itemprop=\"text\" ><p><strong>Az OMIKE Egyes\u00fclet megalakul\u00e1s\u00e1nak szervez\u0151i<\/strong>, mint adatkezel\u0151k (Adatkezel\u0151) tiszteletben tartj\u00e1k a honlapot l\u00e1togat\u00f3k adatainak biztons\u00e1g\u00e1t, a jelen adatkezel\u00e9si t\u00e1j\u00e9koztat\u00f3 (T\u00e1j\u00e9koztat\u00f3) rendelkez\u00e9seit magukra n\u00e9zve k\u00f6telez\u0151nek ismerik el. Az Adatkezel\u0151 k\u00f6telezetts\u00e9get v\u00e1llal arra, hogy az egyes\u00fclet megalak\u00edt\u00e1s\u00e1nak szervez\u00e9se sor\u00e1n a jelen T\u00e1j\u00e9koztat\u00f3ban foglaltaknak, valamint a vonatkoz\u00f3 jogszab\u00e1lyoknak megfelel\u0151en kezeli azokat a szem\u00e9lyes adatokat, amelyek az Adatkezel\u0151 honlapj\u00e1nak (<a href=\"http:\/\/www.omike.hu\">www.omike.hu<\/a>) (a tov\u00e1bbiakban: honlap) m\u0171k\u00f6dtet\u00e9se sor\u00e1n a birtok\u00e1ba ker\u00fclnek<\/p>\n<p>A T\u00e1j\u00e9koztat\u00f3 c\u00e9lja, hogy r\u00f6gz\u00edtse az Adatkezel\u0151 m\u0171k\u00f6d\u00e9s\u00e9vel kapcsolatos adatkezel\u00e9sek rendj\u00e9t, valamint biztos\u00edtsa az adatkezel\u00e9s \u00e9s az ezzel \u00f6sszef\u00fcgg\u0151 adatv\u00e9delem szab\u00e1lyoz\u00e1s\u00e1nak t\u00f6rv\u00e9nyes rendj\u00e9t \u00e9s az adatbiztons\u00e1g k\u00f6vetelm\u00e9nyeinek \u00e9rv\u00e9nyes\u00fcl\u00e9s\u00e9t. A T\u00e1j\u00e9koztat\u00f3 hat\u00e1lya kiterjed a honlapon t\u00f6rt\u00e9n\u0151, tov\u00e1bb\u00e1 azon adatkezel\u00e9sekre, amikor \u00d6n a szervez\u0151kkel a honlapon kereszt\u00fcl vagy egy\u00e9b m\u00f3don kapcsolatba l\u00e9p.<\/p>\n<p>A T\u00e1j\u00e9koztat\u00f3 a hat\u00e1lyos adatv\u00e9delmi jogszab\u00e1lyokkal \u2013 k\u00fcl\u00f6n\u00f6s tekintettel a term\u00e9szetes szem\u00e9lyeknek a szem\u00e9lyes adatok kezel\u00e9se tekintet\u00e9ben t\u00f6rt\u00e9n\u0151 v\u00e9delm\u00e9r\u0151l \u00e9s az ilyen adatok szabad \u00e1raml\u00e1s\u00e1r\u00f3l sz\u00f3l\u00f3 Eur\u00f3pai Parlament \u00e9s a Tan\u00e1cs 2016\/679 rendelet\u00e9vel (General Data Protection Regulation \u2013 GDPR), valamint az Inform\u00e1ci\u00f3s \u00f6nrendelkez\u00e9si jogr\u00f3l \u00e9s az inform\u00e1ci\u00f3szabads\u00e1gr\u00f3l sz\u00f3l\u00f3 2011. \u00e9vi CXII. t\u00f6rv\u00e9nnyel \u00f6sszhangban ker\u00fclt \u00f6ssze\u00e1ll\u00edt\u00e1sra.<\/p>\n<p><strong>A honlap haszn\u00e1lata<\/strong><\/p>\n<p>A honlapunkon el\u00e9rhet\u0151 egyes szolg\u00e1ltat\u00e1sok ig\u00e9nybev\u00e9tel\u00e9nek, valamint a kapcsolattart\u00e1snak felt\u00e9tele, hogy a l\u00e1togat\u00f3k \u00f6nk\u00e9ntesen szem\u00e9lyes adatot szolg\u00e1ltassanak. Ez\u00e9rt k\u00e9rj\u00fck, hogy minden esetben olvassa el a jelen T\u00e1j\u00e9koztat\u00f3ban foglaltakat. T\u00e1j\u00e9koztatjuk, hogy a vel\u00fcnk val\u00f3 kapcsolatfelv\u00e9tel sor\u00e1n t\u00f6rt\u00e9n\u0151 adatszolg\u00e1ltat\u00e1s a jelen T\u00e1j\u00e9koztat\u00f3ban foglaltak \u00f6nk\u00e9ntes elfogad\u00e1s\u00e1t jelenti.<\/p>\n<p>A honlapunk megl\u00e1togat\u00e1sa sor\u00e1n az Adatkezel\u0151 internetes szervere automatikusan regisztr\u00e1lja a l\u00e1togat\u00f3k IP c\u00edm\u00e9t \u00e9s sz\u00e1m\u00edt\u00f3g\u00e9pe oper\u00e1ci\u00f3s rendszer\u00e9nek t\u00edpus\u00e1t, valamint a honlap l\u00e1togat\u00e1s\u00e1nak id\u0151pontj\u00e1t. A honlap oldalainak l\u00e1togatotts\u00e1g\u00e1t az Adatkezel\u0151 a szervernapl\u00f3 ellen\u0151rz\u00e9s\u00e9vel figyeli.<\/p>\n<p>Ha a l\u00e1togat\u00f3 valamely szolg\u00e1ltat\u00e1s kapcs\u00e1n e-mailben veszi fel a kapcsolatot az Adatkezel\u0151vel, \u00fagy az Adatkezel\u0151 r\u00f6gz\u00edti a l\u00e1togat\u00f3 e-mail c\u00edm\u00e9t, amit a szolg\u00e1ltat\u00e1s ny\u00fajt\u00e1s\u00e1hoz sz\u00fcks\u00e9ges m\u00e9rt\u00e9kben \u00e9s id\u0151tartamban kezel.<\/p>\n<p><strong>A szem\u00e9lyes adatok kezel\u00e9s\u00e9re vonatkoz\u00f3 elvek<\/strong><\/p>\n<p>Az Adatkezel\u0151 a szem\u00e9lyes adatokat a j\u00f3hiszem\u0171s\u00e9g \u00e9s a tisztess\u00e9g \u00e9s \u00e1tl\u00e1that\u00f3s\u00e1g elveinek, valamint a hat\u00e1lyos jogszab\u00e1lyoknak \u00e9s jelen T\u00e1j\u00e9koztat\u00f3 rendelkez\u00e9seinek megfelel\u0151en kezeli.<\/p>\n<p>A szolg\u00e1ltat\u00e1sok ig\u00e9nybev\u00e9tel\u00e9hez elengedhetetlen\u00fcl sz\u00fcks\u00e9ges szem\u00e9lyes adatokat az Adatkezel\u0151 az \u00e9rintett hozz\u00e1j\u00e1rul\u00e1sa alapj\u00e1n \u00e9s kiz\u00e1r\u00f3lag c\u00e9lhoz k\u00f6t\u00f6tten haszn\u00e1lja fel.<\/p>\n<p>Az Adatkezel\u0151 a szem\u00e9lyes adatokat csak a jelen T\u00e1j\u00e9koztat\u00f3ban, valamint a vonatkoz\u00f3 jogszab\u00e1lyokban meghat\u00e1rozott c\u00e9lb\u00f3l kezeli. A kezelt szem\u00e9lyes adatok k\u00f6re ar\u00e1nyban \u00e1ll az Adatkezel\u00e9s c\u00e9lj\u00e1val, azon nem terjeszkedhet t\u00fal.<\/p>\n<p>Az Adatkezel\u0151 a l\u00e1togat\u00f3 \u00e1ltal megadott szem\u00e9lyes adatokat nem ellen\u0151rzi, azok megfelel\u0151s\u00e9g\u00e9\u00e9rt kiz\u00e1r\u00f3lag az azt megad\u00f3 szem\u00e9ly felel.<\/p>\n<p>Az Adatkezel\u0151 gondoskodik a szem\u00e9lyes adatok biztons\u00e1g\u00e1r\u00f3l, megteszi azokat a technikai \u00e9s szervez\u00e9si int\u00e9zked\u00e9seket, \u00e9s kialak\u00edtja azokat az elj\u00e1r\u00e1si szab\u00e1lyokat, amelyek biztos\u00edtj\u00e1k, hogy a felvett, t\u00e1rolt, illetve kezelt adatok v\u00e9dettek legyenek, illet\u0151leg megakad\u00e1lyozz\u00e1k azok v\u00e9letlen elveszt\u00e9s\u00e9t, jogtalan megsemmis\u00fcl\u00e9s\u00e9t, jogosulatlan hozz\u00e1f\u00e9r\u00e9s\u00e9t, jogosulatlan felhaszn\u00e1l\u00e1s\u00e1t \u00e9s jogosulatlan megv\u00e1ltoztat\u00e1s\u00e1t, jogosulatlan terjeszt\u00e9s\u00e9t. E k\u00f6telezetts\u00e9g teljes\u00edt\u00e9s\u00e9re az Adatkezel\u0151 minden olyan harmadik felet felh\u00edv, aki r\u00e9sz\u00e9re szem\u00e9lyes adatokat tov\u00e1bb\u00edt.<\/p>\n<p><strong>\u00a0Az adatkezel\u00e9s c\u00e9lja<\/strong><\/p>\n<p>Az Adatkezel\u0151 \u00e1ltal folytatott adatkezel\u00e9s c\u00e9lja (a) az online tartalomszolg\u00e1ltat\u00e1s, (b) a l\u00e1togat\u00f3val val\u00f3 kapcsolattart\u00e1s, (c) a l\u00e1togat\u00f3 \u00e1ltal ig\u00e9nybe vehet\u0151 szolg\u00e1ltat\u00e1sok azonos\u00edt\u00e1sa, (d) statisztik\u00e1k, elemz\u00e9sek k\u00e9sz\u00edt\u00e9se, (e) a l\u00e1togat\u00f3k jogainak a v\u00e9delme, (f) az Adatkezel\u0151 jogos \u00e9rdekeinek \u00e9rv\u00e9nyes\u00edt\u00e9se, (g) az informatikai rendszer technikai fejleszt\u00e9se.<\/p>\n<p><strong>\u00a0Az adatkezel\u00e9s jogalapja<\/strong><\/p>\n<p>A szem\u00e9lyes adatok kezel\u00e9s\u00e9nek jogalapja az \u00e9rintett \u00f6nk\u00e9ntes, el\u0151zetes, megfelel\u0151 t\u00e1j\u00e9koztat\u00e1son alapul\u00f3 hozz\u00e1j\u00e1rul\u00e1sa. A l\u00e1togat\u00f3 jogosult a hozz\u00e1j\u00e1rul\u00e1s\u00e1t b\u00e1rmikor visszavonni, amely visszavon\u00e1s nem \u00e9rinti a visszavon\u00e1s el\u0151tti adatkezel\u00e9s jogszer\u0171s\u00e9g\u00e9t.<\/p>\n<p>A honlap haszn\u00e1lata sor\u00e1n az adott szem\u00e9lyes adat rendelkez\u00e9sre bocs\u00e1t\u00e1s\u00e1val \u00d6n kijelenti, hogy a jelen T\u00e1j\u00e9koztat\u00f3nak az adat rendelkez\u00e9sre bocs\u00e1t\u00e1s\u00e1nak id\u0151pontj\u00e1ban hat\u00e1lyos v\u00e1ltozat\u00e1t megismerte \u00e9s \u00f6nk\u00e9ntesen, kifejezetten hozz\u00e1j\u00e1rul ahhoz, hogy az \u00d6n \u00e1ltal megadott szem\u00e9lyes adatok, illetve az \u00d6nr\u0151l gener\u00e1lt szem\u00e9lyes adatok felhaszn\u00e1l\u00e1sra ker\u00fcljenek. Szem\u00e9lyes adatokat \u00d6n a vonatkoz\u00f3 adatv\u00e9delmi jogszab\u00e1lyokkal \u00f6sszhangban adhat \u00e1t \u00e9s kijelenti, hogy megfelel\u0151 \u00e9s t\u00e1j\u00e9kozott hozz\u00e1j\u00e1rul\u00e1ssal rendelkezik az inform\u00e1ci\u00f3k \u00e1tad\u00e1s\u00e1ra.<\/p>\n<p><strong>Az adatkezel\u00e9s id\u0151tartama<\/strong><\/p>\n<p>Az Adatkezel\u0151 az \u00e9rintett adatait a fentebb \u00edrt adatkezel\u00e9si c\u00e9lok megval\u00f3sul\u00e1s\u00e1ig, vagy az \u00e9rintett hozz\u00e1j\u00e1rul\u00e1s\u00e1nak visszavon\u00e1s\u00e1ig, illetve az \u00e9rintett k\u00e9r\u00e9s\u00e9re t\u00f6rt\u00e9n\u0151 t\u00f6rl\u00e9sig kezeli.<\/p>\n<p>A rendszer m\u0171k\u00f6d\u00e9se sor\u00e1n automatikusan, technikailag r\u00f6gz\u00edt\u00e9sre ker\u00fcl\u0151 adatok, a gener\u00e1l\u00f3d\u00e1sukt\u00f3l sz\u00e1m\u00edtva a rendszer m\u0171k\u00f6d\u00e9s\u00e9nek biztos\u00edt\u00e1sa szempontj\u00e1b\u00f3l indokolt id\u0151tartamig ker\u00fclnek t\u00e1rol\u00e1sra a rendszerben. Az Adatkezel\u0151 biztos\u00edtja, hogy ezen automatikusan r\u00f6gz\u00edtett adatok egy\u00e9b szem\u00e9lyes adatokkal \u2013 a jogszab\u00e1ly \u00e1ltal k\u00f6telez\u0151v\u00e9 tett esetek kiv\u00e9tel\u00e9vel \u2013 \u00f6ssze nem kapcsolhat\u00f3k.<\/p>\n<p>Amennyiben b\u00edr\u00f3s\u00e1g vagy hat\u00f3s\u00e1g joger\u0151sen elrendeli a szem\u00e9lyes adat t\u00f6rl\u00e9s\u00e9t, a t\u00f6rl\u00e9st az Adatkezel\u0151 v\u00e9grehajtja. T\u00f6rl\u00e9s helyett az Adatkezel\u0151 \u2013 az \u00e9rintett t\u00e1j\u00e9koztat\u00e1sa mellett \u2013 korl\u00e1tozza a szem\u00e9lyes adat felhaszn\u00e1l\u00e1s\u00e1t, ha az \u00e9rintett ezt k\u00e9ri, vagy ha a rendelkez\u00e9s\u00e9re \u00e1ll\u00f3 inform\u00e1ci\u00f3k alapj\u00e1n felt\u00e9telezhet\u0151, hogy a t\u00f6rl\u00e9s s\u00e9rten\u00e9 az \u00e9rintett jogos \u00e9rdek\u00e9t. A szem\u00e9lyes adatot az Adatkezel\u0151 mindaddig nem t\u00f6rli, ameddig fenn\u00e1ll az az adatkezel\u00e9si c\u00e9l, amely a szem\u00e9lyes adat t\u00f6rl\u00e9s\u00e9t kiz\u00e1rta.<\/p>\n<p><strong>\u00a0<\/strong><\/p>\n<p><strong>Adatbiztons\u00e1g<\/strong><\/p>\n<p>Honlapunkon megtessz\u00fck a sz\u00fcks\u00e9ges l\u00e9p\u00e9seket a sz\u00e1m\u00edt\u00f3g\u00e9p\u00e9r\u0151l eljuttatott szem\u00e9lyes adatai v\u00e9delme \u00e9rdek\u00e9ben, \u00edgy k\u00fcl\u00f6n\u00f6sen az azokhoz val\u00f3 jogosulatlan hozz\u00e1f\u00e9r\u00e9s, megv\u00e1ltoztat\u00e1s, tov\u00e1bb\u00edt\u00e1s, nyilv\u00e1noss\u00e1gra hozatal, t\u00f6rl\u00e9s vagy megsemmis\u00edt\u00e9s, valamint a v\u00e9letlen megsemmis\u00fcl\u00e9s \u00e9s s\u00e9r\u00fcl\u00e9s, tov\u00e1bb\u00e1 az alkalmazott technika megv\u00e1ltoz\u00e1s\u00e1b\u00f3l fakad\u00f3 hozz\u00e1f\u00e9rhetetlenn\u00e9 v\u00e1l\u00e1s ellen. A k\u00fcl\u00f6nb\u00f6z\u0151 nyilv\u00e1ntart\u00e1sokban elektronikusan kezelt adat\u00e1llom\u00e1nyok v\u00e9delme \u00e9rdek\u00e9ben megfelel\u0151 technikai megold\u00e1ssal biztos\u00edtani kell, hogy a nyilv\u00e1ntart\u00e1sokban t\u00e1rolt adatok \u2013 kiv\u00e9ve, ha azt t\u00f6rv\u00e9ny lehet\u0151v\u00e9 teszi &#8211; k\u00f6zvetlen\u00fcl ne legyenek \u00f6sszekapcsolhat\u00f3k \u00e9s az \u00e9rintetthez rendelhet\u0151k.<\/p>\n<p><strong>Az \u00e9rintett jogai \u00e9s jog\u00e9rv\u00e9nyes\u00edt\u00e9si lehet\u0151s\u00e9gei<\/strong><\/p>\n<p>Az \u00e9rintett az adatkezel\u00e9sre vonatkoz\u00f3an a\u00a0\u201eKapcsolat\u201d-ban megjel\u00f6lt e-mail c\u00edmre megk\u00fcld\u00f6tt e\u2013mail \u00fatj\u00e1n t\u00e1j\u00e9koztat\u00e1st k\u00e9rhet az adatkezel\u00e9sre vonatkoz\u00f3an.<\/p>\n<p>Az \u00e9rintett k\u00e9rheti, hogy az Adatkezel\u0151 t\u00e1j\u00e9koztassa, hogy kezeli-e az \u00e9rintett szem\u00e9lyes adat\u00e1t, \u00e9s ha igen, akkor az \u00e1ltala kezelt szem\u00e9lyes adatokhoz biztos\u00edtson sz\u00e1m\u00e1ra hozz\u00e1f\u00e9r\u00e9st. A t\u00e1j\u00e9koztat\u00e1sk\u00e9r\u00e9s kiterjedhet a kezelt szem\u00e9lyes adatok k\u00f6r\u00e9re, azok forr\u00e1s\u00e1ra, az adatkezel\u00e9s c\u00e9lj\u00e1ra, jogalapj\u00e1ra, id\u0151tartam\u00e1ra.<\/p>\n<p>Az \u00e9rintett k\u00e9rheti az Adatkezel\u0151 \u00e1ltal kezelt szem\u00e9lyes adatainak helyesb\u00edt\u00e9s\u00e9t vagy m\u00f3dos\u00edt\u00e1s\u00e1t. Figyelembe v\u00e9ve az adatkezel\u00e9s c\u00e9lj\u00e1t, az \u00e9rintett k\u00e9rheti a hi\u00e1nyos szem\u00e9lyes adatok kieg\u00e9sz\u00edt\u00e9s\u00e9t.<\/p>\n<p>Az \u00e9rintett a szem\u00e9lyes adataira vonatkoz\u00f3 jogainak megs\u00e9rt\u00e9se eset\u00e9n jogosult a Nemzeti Adatv\u00e9delmi \u00e9s Inform\u00e1ci\u00f3szabads\u00e1g Hat\u00f3s\u00e1ghoz fordulni (c\u00edm: 1055\u00a0Budapest, Falk Miksa u. 9-11., telefon: +36 (1) 391-1400, fax: +36 (1) 391-1410, e-mail c\u00edm: <a href=\"https:\/\/www.roche.hu\/hu\/ugyfelszolgalat@naih.hu\">ugyfelszolgalat@naih.hu<\/a>).<\/p>\n<p>Az \u00e9rintett jogosult b\u00edr\u00f3s\u00e1ghoz fordulni jogainak megs\u00e9rt\u00e9se eset\u00e9n. A per elb\u00edr\u00e1l\u00e1sa a t\u00f6rv\u00e9nysz\u00e9k hat\u00e1sk\u00f6r\u00e9be tartozik. A per \u2013 az \u00e9rintett v\u00e1laszt\u00e1sa szerint \u2013 az \u00e9rintett lak\u00f3helye vagy tart\u00f3zkod\u00e1si helye szerinti t\u00f6rv\u00e9nysz\u00e9k el\u0151tt is megind\u00edthat\u00f3.<\/p>\n<p><strong>Az OMIKE Egyes\u00fclet megalakul\u00e1s\u00e1nak szervez\u0151i<\/strong><\/p>\n<\/div><\/section><\/div><\/p>\n","protected":false},"excerpt":{"rendered":"","protected":false},"author":1,"featured_media":0,"parent":0,"menu_order":0,"comment_status":"closed","ping_status":"closed","template":"","meta":{"footnotes":""},"class_list":["post-523","page","type-page","status-publish","hentry"],"yoast_head":"<!-- This site is optimized with the Yoast SEO plugin v27.4 - https:\/\/yoast.com\/product\/yoast-seo-wordpress\/ -->\n<title>Adatkezel\u00e9si t\u00e1j\u00e9koztat\u00f3 - OMIKE<\/title>\n<meta name=\"robots\" content=\"index, follow, max-snippet:-1, max-image-preview:large, max-video-preview:-1\" \/>\n<link rel=\"canonical\" href=\"https:\/\/omike.hu\/en\/adatkezelesi-tajekoztato\/\" \/>\n<meta property=\"og:locale\" content=\"en_US\" \/>\n<meta property=\"og:type\" content=\"article\" \/>\n<meta property=\"og:title\" content=\"Adatkezel\u00e9si t\u00e1j\u00e9koztat\u00f3 - OMIKE\" \/>\n<meta property=\"og:url\" content=\"https:\/\/omike.hu\/en\/adatkezelesi-tajekoztato\/\" \/>\n<meta property=\"og:site_name\" content=\"OMIKE\" \/>\n<meta property=\"article:modified_time\" content=\"2022-11-16T07:23:27+00:00\" \/>\n<meta name=\"twitter:card\" content=\"summary_large_image\" \/>\n<meta name=\"twitter:label1\" content=\"Est. reading time\" \/>\n\t<meta name=\"twitter:data1\" content=\"8 minutes\" \/>\n<script type=\"application\/ld+json\" class=\"yoast-schema-graph\">{\"@context\":\"https:\\\/\\\/schema.org\",\"@graph\":[{\"@type\":\"WebPage\",\"@id\":\"https:\\\/\\\/omike.hu\\\/en\\\/adatkezelesi-tajekoztato\\\/\",\"url\":\"https:\\\/\\\/omike.hu\\\/en\\\/adatkezelesi-tajekoztato\\\/\",\"name\":\"Adatkezel\u00e9si t\u00e1j\u00e9koztat\u00f3 - OMIKE\",\"isPartOf\":{\"@id\":\"https:\\\/\\\/omike.hu\\\/en\\\/#website\"},\"datePublished\":\"2022-10-06T13:38:27+00:00\",\"dateModified\":\"2022-11-16T07:23:27+00:00\",\"breadcrumb\":{\"@id\":\"https:\\\/\\\/omike.hu\\\/en\\\/adatkezelesi-tajekoztato\\\/#breadcrumb\"},\"inLanguage\":\"en-US\",\"potentialAction\":[{\"@type\":\"ReadAction\",\"target\":[\"https:\\\/\\\/omike.hu\\\/en\\\/adatkezelesi-tajekoztato\\\/\"]}]},{\"@type\":\"BreadcrumbList\",\"@id\":\"https:\\\/\\\/omike.hu\\\/en\\\/adatkezelesi-tajekoztato\\\/#breadcrumb\",\"itemListElement\":[{\"@type\":\"ListItem\",\"position\":1,\"name\":\"Kezd\u0151lap\",\"item\":\"https:\\\/\\\/omike.hu\\\/en\\\/home\\\/\"},{\"@type\":\"ListItem\",\"position\":2,\"name\":\"Adatkezel\u00e9si t\u00e1j\u00e9koztat\u00f3\"}]},{\"@type\":\"WebSite\",\"@id\":\"https:\\\/\\\/omike.hu\\\/en\\\/#website\",\"url\":\"https:\\\/\\\/omike.hu\\\/en\\\/\",\"name\":\"OMIKE\",\"description\":\"Orsz\u00e1gos Magyar Izraelita K\u00f6zm\u0171vel\u0151d\u00e9si Egyes\u00fclet\",\"publisher\":{\"@id\":\"https:\\\/\\\/omike.hu\\\/en\\\/#organization\"},\"potentialAction\":[{\"@type\":\"SearchAction\",\"target\":{\"@type\":\"EntryPoint\",\"urlTemplate\":\"https:\\\/\\\/omike.hu\\\/en\\\/?s={search_term_string}\"},\"query-input\":{\"@type\":\"PropertyValueSpecification\",\"valueRequired\":true,\"valueName\":\"search_term_string\"}}],\"inLanguage\":\"en-US\"},{\"@type\":\"Organization\",\"@id\":\"https:\\\/\\\/omike.hu\\\/en\\\/#organization\",\"name\":\"OMIKE\",\"url\":\"https:\\\/\\\/omike.hu\\\/en\\\/\",\"logo\":{\"@type\":\"ImageObject\",\"inLanguage\":\"en-US\",\"@id\":\"https:\\\/\\\/omike.hu\\\/en\\\/#\\\/schema\\\/logo\\\/image\\\/\",\"url\":\"https:\\\/\\\/omike.hu\\\/wp-content\\\/uploads\\\/2022\\\/10\\\/omike-4-large.png\",\"contentUrl\":\"https:\\\/\\\/omike.hu\\\/wp-content\\\/uploads\\\/2022\\\/10\\\/omike-4-large.png\",\"width\":450,\"height\":450,\"caption\":\"OMIKE\"},\"image\":{\"@id\":\"https:\\\/\\\/omike.hu\\\/en\\\/#\\\/schema\\\/logo\\\/image\\\/\"}}]}<\/script>\n<!-- \/ Yoast SEO plugin. -->","yoast_head_json":{"title":"Adatkezel\u00e9si t\u00e1j\u00e9koztat\u00f3 - OMIKE","robots":{"index":"index","follow":"follow","max-snippet":"max-snippet:-1","max-image-preview":"max-image-preview:large","max-video-preview":"max-video-preview:-1"},"canonical":"https:\/\/omike.hu\/en\/adatkezelesi-tajekoztato\/","og_locale":"en_US","og_type":"article","og_title":"Adatkezel\u00e9si t\u00e1j\u00e9koztat\u00f3 - OMIKE","og_url":"https:\/\/omike.hu\/en\/adatkezelesi-tajekoztato\/","og_site_name":"OMIKE","article_modified_time":"2022-11-16T07:23:27+00:00","twitter_card":"summary_large_image","twitter_misc":{"Est. reading time":"8 minutes"},"schema":{"@context":"https:\/\/schema.org","@graph":[{"@type":"WebPage","@id":"https:\/\/omike.hu\/en\/adatkezelesi-tajekoztato\/","url":"https:\/\/omike.hu\/en\/adatkezelesi-tajekoztato\/","name":"Adatkezel\u00e9si t\u00e1j\u00e9koztat\u00f3 - OMIKE","isPartOf":{"@id":"https:\/\/omike.hu\/en\/#website"},"datePublished":"2022-10-06T13:38:27+00:00","dateModified":"2022-11-16T07:23:27+00:00","breadcrumb":{"@id":"https:\/\/omike.hu\/en\/adatkezelesi-tajekoztato\/#breadcrumb"},"inLanguage":"en-US","potentialAction":[{"@type":"ReadAction","target":["https:\/\/omike.hu\/en\/adatkezelesi-tajekoztato\/"]}]},{"@type":"BreadcrumbList","@id":"https:\/\/omike.hu\/en\/adatkezelesi-tajekoztato\/#breadcrumb","itemListElement":[{"@type":"ListItem","position":1,"name":"Kezd\u0151lap","item":"https:\/\/omike.hu\/en\/home\/"},{"@type":"ListItem","position":2,"name":"Adatkezel\u00e9si t\u00e1j\u00e9koztat\u00f3"}]},{"@type":"WebSite","@id":"https:\/\/omike.hu\/en\/#website","url":"https:\/\/omike.hu\/en\/","name":"OMIKE","description":"Orsz\u00e1gos Magyar Izraelita K\u00f6zm\u0171vel\u0151d\u00e9si Egyes\u00fclet","publisher":{"@id":"https:\/\/omike.hu\/en\/#organization"},"potentialAction":[{"@type":"SearchAction","target":{"@type":"EntryPoint","urlTemplate":"https:\/\/omike.hu\/en\/?s={search_term_string}"},"query-input":{"@type":"PropertyValueSpecification","valueRequired":true,"valueName":"search_term_string"}}],"inLanguage":"en-US"},{"@type":"Organization","@id":"https:\/\/omike.hu\/en\/#organization","name":"OMIKE","url":"https:\/\/omike.hu\/en\/","logo":{"@type":"ImageObject","inLanguage":"en-US","@id":"https:\/\/omike.hu\/en\/#\/schema\/logo\/image\/","url":"https:\/\/omike.hu\/wp-content\/uploads\/2022\/10\/omike-4-large.png","contentUrl":"https:\/\/omike.hu\/wp-content\/uploads\/2022\/10\/omike-4-large.png","width":450,"height":450,"caption":"OMIKE"},"image":{"@id":"https:\/\/omike.hu\/en\/#\/schema\/logo\/image\/"}}]}},"_links":{"self":[{"href":"https:\/\/omike.hu\/en\/wp-json\/wp\/v2\/pages\/523","targetHints":{"allow":["GET"]}}],"collection":[{"href":"https:\/\/omike.hu\/en\/wp-json\/wp\/v2\/pages"}],"about":[{"href":"https:\/\/omike.hu\/en\/wp-json\/wp\/v2\/types\/page"}],"author":[{"embeddable":true,"href":"https:\/\/omike.hu\/en\/wp-json\/wp\/v2\/users\/1"}],"replies":[{"embeddable":true,"href":"https:\/\/omike.hu\/en\/wp-json\/wp\/v2\/comments?post=523"}],"version-history":[{"count":2,"href":"https:\/\/omike.hu\/en\/wp-json\/wp\/v2\/pages\/523\/revisions"}],"predecessor-version":[{"id":568,"href":"https:\/\/omike.hu\/en\/wp-json\/wp\/v2\/pages\/523\/revisions\/568"}],"wp:attachment":[{"href":"https:\/\/omike.hu\/en\/wp-json\/wp\/v2\/media?parent=523"}],"curies":[{"name":"wp","href":"https:\/\/api.w.org\/{rel}","templated":true}]}}